{"id":803,"date":"2024-03-05T22:30:03","date_gmt":"2024-03-05T21:30:03","guid":{"rendered":"https:\/\/perteaigua.aiguesmanresa.cat\/inicio\/"},"modified":"2025-10-28T08:00:07","modified_gmt":"2025-10-28T07:00:07","slug":"inicio","status":"publish","type":"page","link":"https:\/\/perteaigua.aiguesmanresa.cat\/es\/","title":{"rendered":"Inicio"},"content":{"rendered":"<p>[et_pb_section fb_built=\u00bb1&#8243; admin_label=\u00bbSecci\u00f3 cap\u00e7alera\u00bb _builder_version=\u00bb4.24.2&#8243; _module_preset=\u00bbdefault\u00bb background_color=\u00bb#185763&#8243; background_image=\u00bbhttps:\/\/perteaigua.aiguesmanresa.cat\/wp-content\/uploads\/2024\/06\/53A7095-1.jpg\u00bb parallax=\u00bbon\u00bb background_enable_mask_style=\u00bbon\u00bb background_mask_style=\u00bbwave\u00bb background_mask_size=\u00bbcustom\u00bb background_mask_width=\u00bb100%\u00bb background_mask_height=\u00bb0%\u00bb background_mask_position=\u00bbcenter_right\u00bb bottom_divider_style=\u00bbwaves2&#8243; bottom_divider_color=\u00bbgcid-4f09a617-b8fe-4205-953a-7b33d2c593d2&#8243; bottom_divider_height=\u00bb34px\u00bb background_color_tablet=\u00bb#FFFFFF\u00bb background_last_edited=\u00bbon|tablet\u00bb background_enable_color_tablet=\u00bbon\u00bb background_enable_image_tablet=\u00bboff\u00bb background_enable_mask_style_tablet=\u00bboff\u00bb global_colors_info=\u00bb{%22gcid-4f09a617-b8fe-4205-953a-7b33d2c593d2%22:%91%22bottom_divider_color%22%93}\u00bb][et_pb_row column_structure=\u00bb3_5,2_5&#8243; _builder_version=\u00bb4.24.2&#8243; _module_preset=\u00bbdefault\u00bb global_colors_info=\u00bb{}\u00bb][et_pb_column type=\u00bb3_5&#8243; _builder_version=\u00bb4.24.2&#8243; _module_preset=\u00bbdefault\u00bb global_colors_info=\u00bb{}\u00bb][et_pb_text _builder_version=\u00bb4.24.2&#8243; _module_preset=\u00bb9d3c0e8a-47fa-48f9-bbbc-84228daf8a0a\u00bb header_text_color=\u00bb#42C0C6&#8243; header_2_font=\u00bbRaleway|700||on|||||\u00bb header_2_text_color=\u00bb#42C0C6&#8243; header_2_font_size=\u00bb3.3rem\u00bb header_2_line_height=\u00bb3.5rem\u00bb header_3_text_color=\u00bb#42C0C6&#8243; header_4_text_color=\u00bb#42C0C6&#8243; header_5_text_color=\u00bb#42C0C6&#8243; header_6_text_color=\u00bb#42C0C6&#8243; max_width=\u00bb600px\u00bb header_2_font_size_tablet=\u00bb3rem\u00bb header_2_font_size_phone=\u00bb2.4rem\u00bb header_2_font_size_last_edited=\u00bbon|phone\u00bb header_2_line_height_tablet=\u00bb3.2rem\u00bb header_2_line_height_phone=\u00bb2.6rem\u00bb header_2_line_height_last_edited=\u00bbon|tablet\u00bb global_colors_info=\u00bb{}\u00bb]<\/p>\n<h2>Sostenibilidad en el Ciclo del Agua.<\/h2>\n<p><\/p>\n<h4>Un proyecto de digitalizaci\u00f3n del territorio.<\/h4>\n<p>[\/et_pb_text][et_pb_text _builder_version=\u00bb4.24.2&#8243; _module_preset=\u00bb9d3c0e8a-47fa-48f9-bbbc-84228daf8a0a\u00bb max_width=\u00bb600px\u00bb global_colors_info=\u00bb{}\u00bb]<\/p>\n<p>El contexto actual nos muestra un entorno alterado por el cambio clim\u00e1tico, con escasez de agua y una necesidad de mayor resiliencia, para un mejor control y eficiencia del ciclo integral del agua. <strong>Un control que s\u00f3lo ser\u00e1 posible con la digitalizaci\u00f3n de todos los servicios y niveles de la empresa.<\/strong><\/p>\n<p>[\/et_pb_text][et_pb_image src=\u00bbhttps:\/\/perteaigua.aiguesmanresa.cat\/wp-content\/uploads\/2024\/04\/202404_LOGOS_PERTEDIG_DEF.png\u00bb title_text=\u00bb202404_LOGOS_PERTEDIG_DEF\u00bb _builder_version=\u00bb4.24.2&#8243; _module_preset=\u00bbdefault\u00bb width=\u00bb77%\u00bb global_colors_info=\u00bb{}\u00bb][\/et_pb_image][et_pb_button button_url=\u00bb@ET-DC@eyJkeW5hbWljIjp0cnVlLCJjb250ZW50IjoicG9zdF9saW5rX3VybF9wYWdlIiwic2V0dGluZ3MiOnsicG9zdF9pZCI6IjU2In19@\u00bb button_text=\u00bbEl Proyecto\u00bb _builder_version=\u00bb4.24.2&#8243; _dynamic_attributes=\u00bbbutton_url\u00bb _module_preset=\u00bbdefault\u00bb custom_button=\u00bbon\u00bb button_text_size=\u00bb1.5rem\u00bb button_text_color=\u00bb#FFFFFF\u00bb button_bg_color=\u00bb#42C0C6&#8243; button_icon=\u00bb&#xf067;||fa||900&#8243; button_icon_placement=\u00bbleft\u00bb custom_margin=\u00bb20px||20px||true|false\u00bb global_colors_info=\u00bb{}\u00bb][\/et_pb_button][\/et_pb_column][et_pb_column type=\u00bb2_5&#8243; _builder_version=\u00bb4.24.2&#8243; _module_preset=\u00bbdefault\u00bb global_colors_info=\u00bb{}\u00bb][et_pb_image src=\u00bbhttps:\/\/perteaigua.aiguesmanresa.cat\/wp-content\/uploads\/2024\/04\/Mesa-de-trabajo-2_1.png\u00bb title_text=\u00bbMesa de trabajo 2_1&#8243; align=\u00bbcenter\u00bb disabled_on=\u00bbon|on|off\u00bb _builder_version=\u00bb4.24.2&#8243; _module_preset=\u00bbdefault\u00bb max_width=\u00bb400px\u00bb global_colors_info=\u00bb{}\u00bb][\/et_pb_image][\/et_pb_column][\/et_pb_row][\/et_pb_section][et_pb_section fb_built=\u00bb1&#8243; next_background_color=\u00bb#ffffff\u00bb admin_label=\u00bbSecci\u00f3 Qui Som\u00bb _builder_version=\u00bb4.24.2&#8243; _module_preset=\u00bbdefault\u00bb background_color=\u00bbgcid-4f09a617-b8fe-4205-953a-7b33d2c593d2&#8243; use_background_color_gradient=\u00bbon\u00bb background_color_gradient_stops=\u00bb#006c7d 0%|#009b9b 100%\u00bb custom_padding=\u00bb2rem||2rem||true|false\u00bb bottom_divider_style=\u00bbwaves2&#8243; bottom_divider_height=\u00bb25px\u00bb bottom_divider_repeat=\u00bb1x\u00bb global_colors_info=\u00bb{%22gcid-4f09a617-b8fe-4205-953a-7b33d2c593d2%22:%91%22background_color%22%93}\u00bb][et_pb_row column_structure=\u00bb1_4,3_4&#8243; _builder_version=\u00bb4.24.2&#8243; _module_preset=\u00bbdefault\u00bb global_colors_info=\u00bb{}\u00bb][et_pb_column type=\u00bb1_4&#8243; _builder_version=\u00bb4.24.2&#8243; _module_preset=\u00bbdefault\u00bb global_colors_info=\u00bb{}\u00bb][et_pb_text _builder_version=\u00bb4.24.2&#8243; _module_preset=\u00bbdefault\u00bb background_layout=\u00bbdark\u00bb custom_margin=\u00bb||20px||false|false\u00bb global_colors_info=\u00bb{}\u00bb]<\/p>\n<h2>\u00bfQuienes somos?<\/h2>\n<p>[\/et_pb_text][et_pb_button button_url=\u00bb@ET-DC@eyJkeW5hbWljIjp0cnVlLCJjb250ZW50IjoicG9zdF9saW5rX3VybF9wYWdlIiwic2V0dGluZ3MiOnsicG9zdF9pZCI6IjE1OSJ9fQ==@\u00bb button_text=\u00bbGrupos de trabajo\u00bb button_alignment=\u00bbleft\u00bb button_alignment_tablet=\u00bbleft\u00bb button_alignment_phone=\u00bbleft\u00bb button_alignment_last_edited=\u00bboff|desktop\u00bb _builder_version=\u00bb4.24.2&#8243; _dynamic_attributes=\u00bbbutton_url\u00bb _module_preset=\u00bbdefault\u00bb custom_margin=\u00bb0px||20px||false|false\u00bb custom_margin_tablet=\u00bb0px||||false|false\u00bb custom_margin_phone=\u00bb0px||||false|false\u00bb custom_margin_last_edited=\u00bboff|desktop\u00bb global_colors_info=\u00bb{}\u00bb][\/et_pb_button][\/et_pb_column][et_pb_column type=\u00bb3_4&#8243; _builder_version=\u00bb4.24.2&#8243; _module_preset=\u00bbdefault\u00bb global_colors_info=\u00bb{}\u00bb][et_pb_text _builder_version=\u00bb4.24.2&#8243; _module_preset=\u00bbdefault\u00bb background_layout=\u00bbdark\u00bb max_width=\u00bb750px\u00bb global_colors_info=\u00bb{}\u00bb]<\/p>\n<h5>Transformaci\u00f3n de la empresa<\/h5>\n<p><\/p>\n<p>\u00bfQuieres conocer el equipo motor del proyecto? Con el fin de implicar a la mayor parte de la estructura de la empresa y aportar al proyecto el conocimiento ya existente en la organizaci\u00f3n, la responsabilidad t\u00e9cnica de las actuaciones, actividades y tareas se ejecutar\u00e1 internamente con trabajadores dedicados al 100% al proyecto y otros parcialmente.<\/p>\n<p>[\/et_pb_text][\/et_pb_column][\/et_pb_row][\/et_pb_section][et_pb_section fb_built=\u00bb1&#8243; admin_label=\u00bbSecci\u00f3 Objectius t\u00edtol\u00bb _builder_version=\u00bb4.24.2&#8243; _module_preset=\u00bbdefault\u00bb background_enable_color=\u00bboff\u00bb collapsed=\u00bboff\u00bb global_colors_info=\u00bb{}\u00bb][et_pb_row column_structure=\u00bb2_5,3_5&#8243; _builder_version=\u00bb4.24.2&#8243; _module_preset=\u00bbdefault\u00bb custom_margin=\u00bb||||false|false\u00bb custom_padding=\u00bb||0px||false|false\u00bb border_width_bottom=\u00bb2px\u00bb border_color_bottom=\u00bb#00B994&#8243; global_colors_info=\u00bb{}\u00bb][et_pb_column type=\u00bb2_5&#8243; _builder_version=\u00bb4.24.2&#8243; _module_preset=\u00bbdefault\u00bb global_colors_info=\u00bb{}\u00bb][et_pb_text _builder_version=\u00bb4.24.2&#8243; _module_preset=\u00bbdefault\u00bb custom_margin=\u00bb||10px||false|false\u00bb global_colors_info=\u00bb{}\u00bb]<\/p>\n<h2>Nuestros objetivos<\/h2>\n<p>[\/et_pb_text][\/et_pb_column][et_pb_column type=\u00bb3_5&#8243; _builder_version=\u00bb4.24.2&#8243; _module_preset=\u00bbdefault\u00bb global_colors_info=\u00bb{}\u00bb][et_pb_button button_url=\u00bb@ET-DC@eyJkeW5hbWljIjp0cnVlLCJjb250ZW50IjoicG9zdF9saW5rX3VybF9wYWdlIiwic2V0dGluZ3MiOnsicG9zdF9pZCI6IjU2In19@\u00bb button_text=\u00bbSobre el proyecto\u00bb button_alignment=\u00bbright\u00bb button_alignment_tablet=\u00bbleft\u00bb button_alignment_phone=\u00bbleft\u00bb button_alignment_last_edited=\u00bbon|desktop\u00bb _builder_version=\u00bb4.24.2&#8243; _dynamic_attributes=\u00bbbutton_url\u00bb _module_preset=\u00bbdefault\u00bb custom_margin=\u00bb10px||||false|false\u00bb custom_margin_tablet=\u00bb0px||50px||false|false\u00bb custom_margin_phone=\u00bb0px||50px||false|false\u00bb custom_margin_last_edited=\u00bbon|desktop\u00bb global_colors_info=\u00bb{}\u00bb][\/et_pb_button][\/et_pb_column][\/et_pb_row][\/et_pb_section][et_pb_section fb_built=\u00bb1&#8243; custom_padding_last_edited=\u00bbon|desktop\u00bb admin_label=\u00bbSecci\u00f3 Objectius Draggable\u00bb module_id=\u00bbseccio-inici-objectius-draggable\u00bb module_class=\u00bbseccio-draggable-horitzontal draggable-fletxes-inferior\u00bb _builder_version=\u00bb4.24.2&#8243; _module_preset=\u00bbdefault\u00bb background_enable_color=\u00bboff\u00bb background_image=\u00bbhttps:\/\/perteaigua.aiguesmanresa.cat\/wp-content\/uploads\/2024\/04\/shutterstock_1295767468-Convertido-1.png\u00bb background_size=\u00bbcustom\u00bb background_image_width=\u00bb400px\u00bb background_position=\u00bbbottom_left\u00bb background_vertical_offset=\u00bb0%\u00bb custom_padding=\u00bb0px||||false|false\u00bb custom_padding_tablet=\u00bb||450px||false|false\u00bb custom_padding_phone=\u00bb||270px||false|false\u00bb background_last_edited=\u00bbon|tablet\u00bb background_position_tablet=\u00bbbottom_center\u00bb collapsed=\u00bboff\u00bb global_colors_info=\u00bb{}\u00bb][et_pb_row use_custom_gutter=\u00bbon\u00bb gutter_width=\u00bb1&#8243; _builder_version=\u00bb4.24.2&#8243; _module_preset=\u00bbdefault\u00bb width=\u00bb100%\u00bb max_width=\u00bbnone\u00bb custom_padding=\u00bb3rem||3rem||true|false\u00bb global_colors_info=\u00bb{}\u00bb][et_pb_column type=\u00bb4_4&#8243; _builder_version=\u00bb4.24.2&#8243; _module_preset=\u00bbdefault\u00bb global_colors_info=\u00bb{}\u00bb][et_pb_blurb title=\u00bb1&#8243; use_icon=\u00bbon\u00bb font_icon=\u00bb&#xe00b;||divi||400&#8243; admin_label=\u00bbBlurb Objectiu\u00bb _builder_version=\u00bb4.24.2&#8243; _module_preset=\u00bbaafc4a93-50d8-438b-9fef-6eb84f51cf01&#8243;]<\/p>\n<p>Dar el paso definitivo hacia la <strong>transici\u00f3n digital<\/strong> de Aig\u00fces de Manresa, a trav\u00e9s del uso de las nuevas tecnolog\u00edas y la <strong>innovaci\u00f3n<\/strong>.<\/p>\n<p>[\/et_pb_blurb][et_pb_blurb title=\u00bb2&#8243; use_icon=\u00bbon\u00bb font_icon=\u00bb&#xf043;||fa||900&#8243; admin_label=\u00bbBlurb Objectiu\u00bb _builder_version=\u00bb4.24.2&#8243; _module_preset=\u00bbaafc4a93-50d8-438b-9fef-6eb84f51cf01&#8243; background_color=\u00bb#007D3A\u00bb]<\/p>\n<p>Contribuir a una mejor planificaci\u00f3n, gesti\u00f3n y gobernanza con la creaci\u00f3n de un <strong>Plan integral de gesti\u00f3n del agua<\/strong> con especial atenci\u00f3n a las zonas menos pobladas y redes m\u00e1s extensas.<\/p>\n<p>[\/et_pb_blurb][et_pb_blurb title=\u00bb3&#8243; use_icon=\u00bbon\u00bb font_icon=\u00bb&#xe033;||divi||400&#8243; admin_label=\u00bbBlurb Objectiu\u00bb _builder_version=\u00bb4.24.2&#8243; _module_preset=\u00bbaafc4a93-50d8-438b-9fef-6eb84f51cf01&#8243; background_color=\u00bb#00B994&#8243;]<\/p>\n<p>Empezar a <strong>trabajar por excepci\u00f3n<\/strong>, con el fin de optimizar los costes operativos de los servicios.<\/p>\n<p>[\/et_pb_blurb][et_pb_blurb title=\u00bb4&#8243; use_icon=\u00bbon\u00bb font_icon=\u00bb&#xf5ba;||fa||900&#8243; admin_label=\u00bbBlurb Objectiu\u00bb _builder_version=\u00bb4.24.2&#8243; _module_preset=\u00bbaafc4a93-50d8-438b-9fef-6eb84f51cf01&#8243; background_color=\u00bb#42C0C6&#8243;]<\/p>\n<p>Aumentar la <strong>eficiencia energ\u00e9tica<\/strong> de las infraestructuras vinculadas al ciclo integral del agua con una reducci\u00f3n del consumo externo en un 12,59%.<\/p>\n<p>[\/et_pb_blurb][et_pb_blurb title=\u00bb5&#8243; use_icon=\u00bbon\u00bb font_icon=\u00bb&#xf4c1;||fa||900&#8243; admin_label=\u00bbBlurb Objectiu\u00bb _builder_version=\u00bb4.24.2&#8243; _module_preset=\u00bbaafc4a93-50d8-438b-9fef-6eb84f51cf01&#8243; background_color=\u00bb#00457D\u00bb]<\/p>\n<p>Reducir el <strong>n\u00famero de fugas<\/strong> en las distintas redes en un 5% de media.<\/p>\n<p>[\/et_pb_blurb][et_pb_blurb title=\u00bb6&#8243; use_icon=\u00bbon\u00bb font_icon=\u00bb&#xf233;||fa||900&#8243; admin_label=\u00bbBlurb Objectiu\u00bb _builder_version=\u00bb4.24.2&#8243; _module_preset=\u00bbaafc4a93-50d8-438b-9fef-6eb84f51cf01&#8243;]<\/p>\n<p>Incrementar la <strong>capacidad de procesamiento de datos<\/strong> mediante la aplicaci\u00f3n de <strong>edge computing<\/strong>.<\/p>\n<p>[\/et_pb_blurb][et_pb_blurb title=\u00bb7&#8243; use_icon=\u00bbon\u00bb font_icon=\u00bb&#xf7bb;||fa||400&#8243; admin_label=\u00bbBlurb Objectiu\u00bb _builder_version=\u00bb4.24.2&#8243; _module_preset=\u00bbaafc4a93-50d8-438b-9fef-6eb84f51cf01&#8243; background_color=\u00bb#007D3A\u00bb]<\/p>\n<p>Tener la gobernanza sobre los sistemas y datos producidos con el uso mayoritario de <strong>open hard<\/strong>.<\/p>\n<p>[\/et_pb_blurb][et_pb_blurb title=\u00bb8&#8243; use_icon=\u00bbon\u00bb font_icon=\u00bb&#xf7d9;||fa||900&#8243; admin_label=\u00bbBlurb Objectiu\u00bb _builder_version=\u00bb4.24.2&#8243; _module_preset=\u00bbaafc4a93-50d8-438b-9fef-6eb84f51cf01&#8243; background_color=\u00bb#00B994&#8243;]<\/p>\n<p>Dotarse de las <strong>herramientas<\/strong> necesarias para afrontar las exigencias derivadas del nuevo Real Decreto 3\/2023 y gestionar 304 puntos de vertido.<\/p>\n<p>[\/et_pb_blurb][et_pb_blurb title=\u00bb9&#8243; use_icon=\u00bbon\u00bb font_icon=\u00bb&#xe005;||fa||900&#8243; admin_label=\u00bbBlurb Objectiu\u00bb _builder_version=\u00bb4.24.2&#8243; _module_preset=\u00bbaafc4a93-50d8-438b-9fef-6eb84f51cf01&#8243; background_color=\u00bb#42C0C6&#8243;]<\/p>\n<p><strong>Adaptar las infraestructuras<\/strong> del ciclo integral del agua a futuros escenarios causados por el <strong>cambio clim\u00e1tico<\/strong>.<\/p>\n<p>[\/et_pb_blurb][et_pb_blurb title=\u00bb10&#8243; use_icon=\u00bbon\u00bb font_icon=\u00bb&#xf492;||fa||900&#8243; admin_label=\u00bbBlurb Objectiu\u00bb _builder_version=\u00bb4.24.2&#8243; _module_preset=\u00bbaafc4a93-50d8-438b-9fef-6eb84f51cf01&#8243; background_color=\u00bb#00457D\u00bb]<\/p>\n<p>Sensibilizar a\u00fan m\u00e1s sobre el ciclo integral del agua entre la poblaci\u00f3n, potenciando la <strong>transparencia<\/strong> y vinculaci\u00f3n social con un <strong>Observatorio Territorial del Agua<\/strong>.<\/p>\n<p>[\/et_pb_blurb][et_pb_blurb title=\u00bb11&#8243; use_icon=\u00bbon\u00bb font_icon=\u00bb&#xf0c0;||fa||900&#8243; admin_label=\u00bbBlurb Objectiu\u00bb _builder_version=\u00bb4.24.2&#8243; _module_preset=\u00bbaafc4a93-50d8-438b-9fef-6eb84f51cf01&#8243;]<\/p>\n<p><strong>Capacitar al personal<\/strong> propio de Aig\u00fces de Manresa con el desarrollo de nuevos perfiles profesionales.<\/p>\n<p>[\/et_pb_blurb][et_pb_blurb title=\u00bb12&#8243; use_icon=\u00bbon\u00bb font_icon=\u00bb&#xe068;||fa||900&#8243; admin_label=\u00bbBlurb Objectiu\u00bb _builder_version=\u00bb4.24.2&#8243; _module_preset=\u00bbaafc4a93-50d8-438b-9fef-6eb84f51cf01&#8243; background_color=\u00bb#007D3A\u00bb]<\/p>\n<p>Compartir nuestra experiencia con otros operadores con problem\u00e1ticas y retos similares a trav\u00e9s de <strong>mentor\u00edas<\/strong>.<\/p>\n<p>[\/et_pb_blurb][\/et_pb_column][\/et_pb_row][\/et_pb_section][et_pb_section fb_built=\u00bb1&#8243; prev_background_color=\u00bb#ffffff\u00bb admin_label=\u00bbSecci\u00f3 Novetats i Esdeveniments\u00bb _builder_version=\u00bb4.24.2&#8243; _module_preset=\u00bbdefault\u00bb background_color=\u00bb#ededed\u00bb top_divider_style=\u00bbwaves2&#8243; top_divider_height=\u00bb45px\u00bb top_divider_repeat=\u00bb1x\u00bb top_divider_flip=\u00bbhorizontal|vertical\u00bb global_colors_info=\u00bb{}\u00bb][et_pb_row column_structure=\u00bb2_3,1_3&#8243; _builder_version=\u00bb4.24.2&#8243; _module_preset=\u00bbdefault\u00bb global_colors_info=\u00bb{}\u00bb][et_pb_column type=\u00bb2_3&#8243; _builder_version=\u00bb4.24.2&#8243; _module_preset=\u00bbdefault\u00bb global_colors_info=\u00bb{}\u00bb][et_pb_text _builder_version=\u00bb4.24.2&#8243; _module_preset=\u00bbdefault\u00bb custom_margin=\u00bb||||false|false\u00bb global_colors_info=\u00bb{}\u00bb]<\/p>\n<h4>\u00daltimas<br \/>noticias<\/h4>\n<p>[\/et_pb_text][et_pb_blog fullwidth=\u00bbon\u00bb posts_number=\u00bb3&#8243; meta_date=\u00bbd\/m\/Y\u00bb module_class=\u00bbenable-flex-position\u00bb _builder_version=\u00bb4.24.2&#8243; _module_preset=\u00bbdefault\u00bb global_colors_info=\u00bb{}\u00bb][\/et_pb_blog][et_pb_button button_url=\u00bb@ET-DC@eyJkeW5hbWljIjp0cnVlLCJjb250ZW50IjoicG9zdF9saW5rX3VybF9wYWdlIiwic2V0dGluZ3MiOnsicG9zdF9pZCI6IjEzNCJ9fQ==@\u00bb button_text=\u00bbVer todas las novedades\u00bb admin_label=\u00bbButton\u00bb _builder_version=\u00bb4.24.2&#8243; _dynamic_attributes=\u00bbbutton_url\u00bb _module_preset=\u00bb1ff94335-e5d9-4841-8c27-c6a3e929d4ae\u00bb global_colors_info=\u00bb{}\u00bb][\/et_pb_button][\/et_pb_column][et_pb_column type=\u00bb1_3&#8243; _builder_version=\u00bb4.24.2&#8243; _module_preset=\u00bbdefault\u00bb global_colors_info=\u00bb{}\u00bb][et_pb_text _builder_version=\u00bb4.24.2&#8243; _module_preset=\u00bbdefault\u00bb custom_margin=\u00bb||||false|false\u00bb global_colors_info=\u00bb{}\u00bb]<\/p>\n<h4>Pr\u00f3ximos<br \/>eventos<\/h4>\n<p>[\/et_pb_text][et_pb_text admin_label=\u00bbPropers esdeveniments\u00bb _builder_version=\u00bb4.24.2&#8243; _module_preset=\u00bbdefault\u00bb custom_margin=\u00bb||||false|false\u00bb custom_padding=\u00bb||||false|false\u00bb global_colors_info=\u00bb{}\u00bb]<\/p>\n<div id=\"ect-no-events\"><p>No hi ha esdeveniments properament.<\/p><\/div>\n<p>[\/et_pb_text][et_pb_button button_url=\u00bbhttps:\/\/perteaigua.aiguesmanresa.cat\/esdeveniments\/\u00bb button_text=\u00bbVer todos los eventos\u00bb admin_label=\u00bbButton\u00bb _builder_version=\u00bb4.24.2&#8243; _module_preset=\u00bb1ff94335-e5d9-4841-8c27-c6a3e929d4ae\u00bb global_colors_info=\u00bb{}\u00bb][\/et_pb_button][\/et_pb_column][\/et_pb_row][\/et_pb_section][et_pb_section fb_built=\u00bb1&#8243; prev_background_color=\u00bb#ededed\u00bb _builder_version=\u00bb4.24.2&#8243; _module_preset=\u00bbdefault\u00bb background_color=\u00bbgcid-4f09a617-b8fe-4205-953a-7b33d2c593d2&#8243; background_image=\u00bbhttps:\/\/perteaigua.aiguesmanresa.cat\/wp-content\/uploads\/2024\/03\/foto-manresa-etap-nit.jpg\u00bb background_position=\u00bbtop_center\u00bb background_blend=\u00bbmultiply\u00bb top_divider_style=\u00bbwaves2&#8243; top_divider_height=\u00bb41px\u00bb top_divider_flip=\u00bbvertical\u00bb saved_tabs=\u00bball\u00bb global_colors_info=\u00bb{%22gcid-4f09a617-b8fe-4205-953a-7b33d2c593d2%22:%91%22background_color%22%93}\u00bb][et_pb_row _builder_version=\u00bb4.24.2&#8243; _module_preset=\u00bbdefault\u00bb global_colors_info=\u00bb{}\u00bb][et_pb_column type=\u00bb4_4&#8243; _builder_version=\u00bb4.24.2&#8243; _module_preset=\u00bbdefault\u00bb global_colors_info=\u00bb{}\u00bb][et_pb_text _builder_version=\u00bb4.24.2&#8243; _module_preset=\u00bbdefault\u00bb header_2_text_color=\u00bb#42C0C6&#8243; custom_margin=\u00bb||0px||false|false\u00bb global_colors_info=\u00bb{}\u00bb]<\/p>\n<h2>\u00danete a la lista<\/h2>\n<p>[\/et_pb_text][et_pb_text _builder_version=\u00bb4.24.2&#8243; _module_preset=\u00bbdefault\u00bb global_colors_info=\u00bb{}\u00bb]<\/p>\n<div class=\"wpsf-form-wrap wpsf-template-10 wpsf-llista_newsletter_es\">\n    <form method=\"post\" action=\"\" class=\"wpsf-subscription-form\" data-form-alias=\"llista_newsletter_es\">\n\n        \n<div class=\"wpsf-content-wrap\">\n        \n\n\n\n    <div class=\"both-fields-wrap\">\n\n                    <div class=\"wpsf-field-wrap name-field has-pre-icon\">\n                <label for=\"wpsf_name\" class=\"sr-only wpsf-hidden-item\">Nombre y apellidos<\/label>\n                <input type=\"text\" name=\"wpsf_name\" class=\"wpsf-name\" placeholder=\"Nombre y apellidos\"\/>\n                <i class=\"fas fa-user\"><\/i>\n            <\/div>\n            \n        <!--Email Field-->\n        <div class=\"wpsf-field-wrap has-pre-icon\">\n            <label for=\"wpsf_email\" class=\"sr-only wpsf-hidden-item\">Correo electr\u00f3nico<\/label>\n            <input type=\"email\" name=\"wpsf_email\" class=\"wpsf-email\" placeholder=\"Correo electr\u00f3nico\"\/>\n            <i class=\"far fa-envelope\"><\/i>\n        <\/div>\n        <!-- Email Field-->\n\n        <!-- Subscribe Button-->\n        <div class=\"wpsf-field-wrap\">\n            <input type=\"submit\" name=\"wpsf_form_submit\" class=\"wpsf-form-submit wpsf-edge-curve uppercase\" value=\"Unirse\"\/>\n\n        <\/div>\n    <\/div>\n            <div class=\"wpsf-field-wrap wpsf-terms-agreement-wrap wpsf-check-box-text\">\n            <label>\n                <input type=\"checkbox\" name=\"wpsf_terms_agreement\" class=\"wpsf-terms-agreement\"\/>\n                Autorizas a Aig\u00fces de Manresa a que utilice la informaci\u00f3n que proporcionas en este formulario para mantenerte al d\u00eda de las novedades del proyecto \"Sostenibilidad en el Ciclo del Agua. Un proyecto de digitalizaci\u00f3n y transformaci\u00f3n del territorio\" y enviarte informaci\u00f3n por correo electr\u00f3nico.            <\/label>\n        <\/div>\n        \n\n\n\n            <div class=\"wpsf-footer-text\">De acuerdo con el Reglamento (UE) 2016\/679 del Parlamento Europeo y del Consejo, de 27 de Abril de 2016 y la LO 3\/2018, de 5 de Diciembre puede ejercer sus derechos de acceso, rectificaci\u00f3n, supresi\u00f3n, limitaci\u00f3n y oposici\u00f3n al tratamiento de sus datos personales, y a la portabilidad de los mismos frente a la sede de Aig\u00fces de Manresa S.A. en la Plana de l'Om, 6, 3\u00ba-3\u00aa de Manresa, en el tel\u00e9fono 938725522, fax 938777971, por correo electr\u00f3nico a dpd@aiguesmanresa.cat aportando copia de su documento de identidad.\r\n\r\nTiene el derecho a presentar una reclamaci\u00f3n ante la Agencia Espa\u00f1ola de Protecci\u00f3n de Datos (www.agpd.es) o tambi\u00e9n puede acudir a la Agencia de protecci\u00f3n de datos de Catalu\u00f1a (APDCAT). Tambi\u00e9n puede, si lo considera oportuno, presentar una reclamaci\u00f3n ante el propio responsable, Aig\u00fces de Manresa S.A.\r\n\r\nResponsable del archivo: AIG\u00dcES DE MANRESA, S.A tel\u00e9fono 938725522, fax 938777971 y correo electr\u00f3nico: dpd@aiguesmanresa.cat<\/div>\n        \n    <div class=\"wpsf-form-message\"><\/div>\n    <span class=\"wpsf-form-loader-wraper\">\n            <div class=\"wpsf-form-loader wpsf-form-loader-1\">Loading...<\/div>\n        <\/span>\n\n<\/div>\n\n    <\/form>\n<\/div>\n<p>[\/et_pb_text][\/et_pb_column][\/et_pb_row][\/et_pb_section]<\/p>\n","protected":false},"excerpt":{"rendered":"<p>El contexto actual, as\u00ed como los escenarios futuros, nos muestran un entorno alterado por el cambio clim\u00e1tico, con escasez de agua y una necesidad de mayor resiliencia, para un mejor control y eficiencia del ciclo integral del agua. Un control que s\u00f3lo ser\u00e1 posible con la digitalizaci\u00f3n de todos los servicios y niveles de la empresa.<\/p>\n","protected":false},"author":1,"featured_media":514,"parent":0,"menu_order":4,"comment_status":"closed","ping_status":"closed","template":"","meta":{"_et_pb_use_builder":"on","_et_pb_old_content":"","_et_gb_content_width":"","footnotes":""},"class_list":["post-803","page","type-page","status-publish","has-post-thumbnail","hentry"],"_links":{"self":[{"href":"https:\/\/perteaigua.aiguesmanresa.cat\/es\/wp-json\/wp\/v2\/pages\/803","targetHints":{"allow":["GET"]}}],"collection":[{"href":"https:\/\/perteaigua.aiguesmanresa.cat\/es\/wp-json\/wp\/v2\/pages"}],"about":[{"href":"https:\/\/perteaigua.aiguesmanresa.cat\/es\/wp-json\/wp\/v2\/types\/page"}],"author":[{"embeddable":true,"href":"https:\/\/perteaigua.aiguesmanresa.cat\/es\/wp-json\/wp\/v2\/users\/1"}],"replies":[{"embeddable":true,"href":"https:\/\/perteaigua.aiguesmanresa.cat\/es\/wp-json\/wp\/v2\/comments?post=803"}],"version-history":[{"count":26,"href":"https:\/\/perteaigua.aiguesmanresa.cat\/es\/wp-json\/wp\/v2\/pages\/803\/revisions"}],"predecessor-version":[{"id":2081,"href":"https:\/\/perteaigua.aiguesmanresa.cat\/es\/wp-json\/wp\/v2\/pages\/803\/revisions\/2081"}],"wp:featuredmedia":[{"embeddable":true,"href":"https:\/\/perteaigua.aiguesmanresa.cat\/es\/wp-json\/wp\/v2\/media\/514"}],"wp:attachment":[{"href":"https:\/\/perteaigua.aiguesmanresa.cat\/es\/wp-json\/wp\/v2\/media?parent=803"}],"curies":[{"name":"wp","href":"https:\/\/api.w.org\/{rel}","templated":true}]}}