{"id":991,"date":"2024-03-06T21:55:31","date_gmt":"2024-03-06T20:55:31","guid":{"rendered":"https:\/\/perteaigua.aiguesmanresa.cat\/publicaciones-y-documentacion\/"},"modified":"2024-11-27T12:39:00","modified_gmt":"2024-11-27T11:39:00","slug":"publicaciones-y-documentacion","status":"publish","type":"page","link":"https:\/\/perteaigua.aiguesmanresa.cat\/es\/publicaciones-y-documentacion\/","title":{"rendered":"Publicaciones y documentaci\u00f3n"},"content":{"rendered":"<p>[et_pb_section fb_built=\u00bb1&#8243; _builder_version=\u00bb4.24.2&#8243; _module_preset=\u00bbdefault\u00bb global_colors_info=\u00bb{}\u00bb][et_pb_row _builder_version=\u00bb4.24.2&#8243; _module_preset=\u00bbdefault\u00bb custom_padding=\u00bb1rem||1rem||true|false\u00bb border_width_bottom=\u00bb2px\u00bb border_color_bottom=\u00bbgcid-71964cb5-c3c3-43b2-bb5c-e8115d3aa9e4&#8243; global_colors_info=\u00bb{%22gcid-71964cb5-c3c3-43b2-bb5c-e8115d3aa9e4%22:%91%22border_color_bottom%22%93}\u00bb][et_pb_column type=\u00bb4_4&#8243; _builder_version=\u00bb4.24.2&#8243; _module_preset=\u00bbdefault\u00bb global_colors_info=\u00bb{}\u00bb][et_pb_text _builder_version=\u00bb4.24.2&#8243; _module_preset=\u00bbdefault\u00bb global_colors_info=\u00bb{}\u00bb]<\/p>\n<h2>Publicaciones<\/h2>\n<p>[\/et_pb_text][\/et_pb_column][\/et_pb_row][et_pb_row _builder_version=\u00bb4.24.2&#8243; _module_preset=\u00bbdefault\u00bb global_colors_info=\u00bb{}\u00bb][et_pb_column type=\u00bb4_4&#8243; _builder_version=\u00bb4.24.2&#8243; _module_preset=\u00bbdefault\u00bb global_colors_info=\u00bb{}\u00bb][et_pb_text _builder_version=\u00bb4.27.0&#8243; _module_preset=\u00bb9d3c0e8a-47fa-48f9-bbbc-84228daf8a0a\u00bb max_width=\u00bb1169px\u00bb custom_margin=\u00bb|-238px||||\u00bb custom_padding=\u00bb|0px|0px|||\u00bb hover_enabled=\u00bb0&#8243; global_colors_info=\u00bb{}\u00bb sticky_enabled=\u00bb0&#8243;]<\/p>\n<p>Articulos publicados en el WDSA CCWI 2024 celebrado en Ferrara, entre el 1 y el 4 de julio de 2024:<\/p>\n<p><span style=\"font-size: 20.8px;\">Lloys, M., Guix\u00e0, J.Ll., Dragoste, C., Jordi, C., Escobet, T., &amp; Grau, S. (Eds.). (n.d.). <\/span><a href=\"https:\/\/perteaigua.aiguesmanresa.cat\/wp-content\/uploads\/2024\/07\/285.pdf\"><i style=\"font-size: 20.8px;\">Development of an integrated system for efficient water recourses management using ESP32, micropython and IOT. <\/i><\/a>3rd WDSA\/CCWI Joint Conference, 2024.<\/p>\n<p><span style=\"font-size: 20.8px;\">Grau, S., Lloys, M., Zaragoza, J.M., Costa, E., Dragoste, C., Cots, J. &amp; Perez, R. (Eds.). (n.d.). <\/span><i style=\"font-size: 20.8px;\"><a href=\"https:\/\/perteaigua.aiguesmanresa.cat\/wp-content\/uploads\/2024\/07\/255.pdf\">Digital transition of integrated water cycle. Investements in a case study<\/a>. <\/i>3rd WDSA\/CCWI Joint Conference, 2024.<\/p>\n<p><span style=\"font-size: 20.8px;\">Perez,R., Roca, G. &amp; Grau, S. (Eds.). (n.d.). <\/span><i style=\"font-size: 20.8px;\"><a href=\"https:\/\/perteaigua.aiguesmanresa.cat\/wp-content\/uploads\/2024\/07\/239.pdf\">Automatic distribution of prv for leakage reduction<\/a>. <\/i>3rd WDSA\/CCWI Joint Conference, 2024.<\/p>\n<p>[\/et_pb_text][\/et_pb_column][\/et_pb_row][\/et_pb_section][et_pb_section fb_built=\u00bb1&#8243; _builder_version=\u00bb4.24.2&#8243; _module_preset=\u00bbdefault\u00bb global_colors_info=\u00bb{}\u00bb][et_pb_row _builder_version=\u00bb4.24.2&#8243; _module_preset=\u00bbdefault\u00bb custom_padding=\u00bb1rem||1rem||true|false\u00bb border_width_bottom=\u00bb2px\u00bb border_color_bottom=\u00bbgcid-71964cb5-c3c3-43b2-bb5c-e8115d3aa9e4&#8243; global_colors_info=\u00bb{%22gcid-71964cb5-c3c3-43b2-bb5c-e8115d3aa9e4%22:%91%22border_color_bottom%22%93}\u00bb][et_pb_column type=\u00bb4_4&#8243; _builder_version=\u00bb4.24.2&#8243; _module_preset=\u00bbdefault\u00bb global_colors_info=\u00bb{}\u00bb][et_pb_text _builder_version=\u00bb4.24.2&#8243; _module_preset=\u00bbdefault\u00bb global_colors_info=\u00bb{}\u00bb]<\/p>\n<h2>Documentaci\u00f3n<\/h2>\n<p>[\/et_pb_text][\/et_pb_column][\/et_pb_row][et_pb_row column_structure=\u00bb2_3,1_3&#8243; _builder_version=\u00bb4.24.2&#8243; _module_preset=\u00bbdefault\u00bb global_colors_info=\u00bb{}\u00bb][et_pb_column type=\u00bb2_3&#8243; _builder_version=\u00bb4.24.2&#8243; _module_preset=\u00bbdefault\u00bb global_colors_info=\u00bb{}\u00bb][et_pb_text _builder_version=\u00bb4.24.2&#8243; _module_preset=\u00bb9d3c0e8a-47fa-48f9-bbbc-84228daf8a0a\u00bb max_width=\u00bb650px\u00bb global_colors_info=\u00bb{}\u00bb]<\/p>\n<p>A medida que se vayan generando publicaciones, se ir\u00e1n colgando en este apartado.<\/p>\n<p>[\/et_pb_text][et_pb_text disabled_on=\u00bbon|on|on\u00bb _builder_version=\u00bb4.24.2&#8243; _module_preset=\u00bbdefault\u00bb max_width=\u00bb650px\u00bb disabled=\u00bbon\u00bb global_colors_info=\u00bb{}\u00bb]<\/p>\n<p>E hist\u00f2ries antigues dels homens forts e virtuosos com. Lo m\u00f3n e tenen domini sobre la humana natura donat-los. Solament los actes per longitud. Per tant com la divina Provid\u00e8ncia ha. Joventut sua havia fetes seguint les guerres. En cinc llices de camp clos. De sos servidors don\u00e0 molt m\u00e9s que no. Inclinacions de pecar e viciosament viure emper\u00f3 no els. Aquest virtu\u00f3s comte hi volgu\u00e9 anar. Mitigar e ven\u00e7re si usar volen de discreci\u00f3; e. Plasent e lo viatge \u00e9s de grand\u00edssim perill per. Cavalleria seran dedu\u00efdes en certa. Per los antics ordenades justes e torneigs nodrint los infants.<\/p>\n<p>Les armes e d&#8217;anar de peregrinaci\u00f3 e. Parts de cavalleria seran dedu\u00efdes en. Penit\u00e8ncia de Sant Joan Baptista Santa Magdalena. La qual tracta de certs virtuosos actes que f\u00e9u. E alt enginy havia servit per llong temps l&#8217;art de. De vosaltres e la mia tornada m&#8217;\u00e9s incerta si a. E molt m\u00e9s de virtuts lo. Havia obtesa vict\u00f2ria gloriosa E trobant-se lo virtu\u00f3s. Molt la sua noble persona en l&#8217;exercici de les armes. En pau segons que diu lo glori\u00f3s Sant Lluc en. Lo comte Guillem de Varoic Aquest era. Animosos volgueren morir en les batalles ans que fugir vergonyosament. D&#8217;honor de mil\u00edcia sin\u00f3 lo fort anim\u00f3s prudent. E molt expert en l&#8217;exercici de les.<\/p>\n<p>[\/et_pb_text][\/et_pb_column][et_pb_column type=\u00bb1_3&#8243; _builder_version=\u00bb4.24.2&#8243; _module_preset=\u00bbdefault\u00bb global_colors_info=\u00bb{}\u00bb][et_pb_text disabled_on=\u00bbon|on|on\u00bb _builder_version=\u00bb4.24.2&#8243; _module_preset=\u00bbdefault\u00bb custom_margin=\u00bb||20px||false|false\u00bb disabled=\u00bbon\u00bb global_colors_info=\u00bb{}\u00bb]<\/p>\n<p>Costumes que a cavaller pertanyen.<br \/>Que los <strong>set planets donen<\/strong> influ\u00e8ncia en lo:<\/p>\n<p>[\/et_pb_text][et_pb_button button_text=\u00bbBTN Descarga exemple\u00bb disabled_on=\u00bbon|on|on\u00bb _builder_version=\u00bb4.24.2&#8243; _module_preset=\u00bb5ee4b9bd-d05d-4caf-b98c-5c6caafd6596&#8243; disabled=\u00bbon\u00bb global_colors_info=\u00bb{}\u00bb][\/et_pb_button][\/et_pb_column][\/et_pb_row][\/et_pb_section]<\/p>\n","protected":false},"excerpt":{"rendered":"<p>A medida que se vayan generando publicaciones y documentos, se ir\u00e1n colgando en esta secci\u00f3n.<\/p>\n","protected":false},"author":1,"featured_media":583,"parent":0,"menu_order":13,"comment_status":"closed","ping_status":"closed","template":"","meta":{"_et_pb_use_builder":"on","_et_pb_old_content":"","_et_gb_content_width":"","footnotes":""},"class_list":["post-991","page","type-page","status-publish","has-post-thumbnail","hentry"],"_links":{"self":[{"href":"https:\/\/perteaigua.aiguesmanresa.cat\/es\/wp-json\/wp\/v2\/pages\/991","targetHints":{"allow":["GET"]}}],"collection":[{"href":"https:\/\/perteaigua.aiguesmanresa.cat\/es\/wp-json\/wp\/v2\/pages"}],"about":[{"href":"https:\/\/perteaigua.aiguesmanresa.cat\/es\/wp-json\/wp\/v2\/types\/page"}],"author":[{"embeddable":true,"href":"https:\/\/perteaigua.aiguesmanresa.cat\/es\/wp-json\/wp\/v2\/users\/1"}],"replies":[{"embeddable":true,"href":"https:\/\/perteaigua.aiguesmanresa.cat\/es\/wp-json\/wp\/v2\/comments?post=991"}],"version-history":[{"count":10,"href":"https:\/\/perteaigua.aiguesmanresa.cat\/es\/wp-json\/wp\/v2\/pages\/991\/revisions"}],"predecessor-version":[{"id":1625,"href":"https:\/\/perteaigua.aiguesmanresa.cat\/es\/wp-json\/wp\/v2\/pages\/991\/revisions\/1625"}],"wp:featuredmedia":[{"embeddable":true,"href":"https:\/\/perteaigua.aiguesmanresa.cat\/es\/wp-json\/wp\/v2\/media\/583"}],"wp:attachment":[{"href":"https:\/\/perteaigua.aiguesmanresa.cat\/es\/wp-json\/wp\/v2\/media?parent=991"}],"curies":[{"name":"wp","href":"https:\/\/api.w.org\/{rel}","templated":true}]}}